{"id":519,"date":"2025-05-30T08:05:01","date_gmt":"2025-05-30T08:05:01","guid":{"rendered":"https:\/\/www.2bc.world\/?page_id=519"},"modified":"2025-05-30T09:56:36","modified_gmt":"2025-05-30T09:56:36","slug":"signup","status":"publish","type":"page","link":"https:\/\/www.2bc.world\/vi\/signup\/","title":{"rendered":"\u0110\u0103ng k\u00fd"},"content":{"rendered":"<p>S\u1eed d\u1ee5ng bi\u1ec3u m\u1eabu n\u00e0y \u0111\u1ec3 \u0111\u0103ng k\u00fd nh\u1eadn tin t\u1ee9c \u0111i\u1ec7n t\u1eed t\u1eeb 2BC \/ IPC v\u00e0 truy c\u1eadp 6 m\u00f4-\u0111un \u0111\u00e0o t\u1ea1o.<\/p>\n\n\n\n<p>Ngay sau khi b\u1ea1n nh\u1ea5n \u0111\u0103ng k\u00fd, vui l\u00f2ng ki\u1ec3m tra email \u0111\u1ec3 bi\u1ebft li\u00ean k\u1ebft x\u00e1c nh\u1eadn.<\/p>\n\n\n\n<p>Sau khi x\u00e1c nh\u1eadn \u0111\u1ecba ch\u1ec9 email c\u1ee7a b\u1ea1n, ch\u00fang t\u00f4i s\u1ebd g\u1eedi cho b\u1ea1n li\u00ean k\u1ebft \u0111\u1ebfn 6 m\u00f4-\u0111un \u0111\u00e0o t\u1ea1o 2BC!<\/p>\n\n\n\n<div id=\"mc_embed_shell\">\n      <link href=\"\/\/cdn-images.mailchimp.com\/embedcode\/classic-061523.css\" rel=\"stylesheet\" type=\"text\/css\">\n  <style type=\"text\/css\">\n        #mc_embed_signup{background:#fff; false;clear:left; font:14px Helvetica,Arial,sans-serif; width: 600px;}\n        \/* Add your own Mailchimp form style overrides in your site stylesheet or in this style block.\n           We recommend moving this block and the preceding CSS link to the HEAD of your HTML file. *\/\n<\/style>\n<div id=\"mc_embed_signup\">\n    <form action=\"https:\/\/world.us22.list-manage.com\/subscribe\/post?u=066ab16d10485c8a4233791f4&amp;id=f06d806a19&amp;f_id=0086c2e1f0\" method=\"post\" id=\"mc-embedded-subscribe-form\" name=\"mc-embedded-subscribe-form\" class=\"validate\" target=\"_self\" novalidate=\"\">\n        <div id=\"mc_embed_signup_scroll\">\n            <div class=\"indicates-required\"><span class=\"asterisk\">*<\/span> ch\u1ec9 ra y\u00eau c\u1ea7u<\/div>\n            <div class=\"mc-field-group\"><label for=\"mce-EMAIL\">\u0110\u1ecba ch\u1ec9 email <span class=\"asterisk\">*<\/span><\/label><input type=\"email\" name=\"EMAIL\" class=\"required email\" id=\"mce-EMAIL\" required=\"\" value=\"\"><\/div><div class=\"mc-field-group\"><label for=\"mce-FNAME\">T\u00ean <span class=\"asterisk\">*<\/span><\/label><input type=\"text\" name=\"FNAME\" class=\"required text\" id=\"mce-FNAME\" required=\"\" value=\"\"><\/div><div class=\"mc-field-group\"><label for=\"mce-LNAME\">H\u1ecd <span class=\"asterisk\">*<\/span><\/label><input type=\"text\" name=\"LNAME\" class=\"required text\" id=\"mce-LNAME\" required=\"\" value=\"\"><\/div>\n        <div id=\"mce-responses\" class=\"clear\">\n            <div class=\"response\" id=\"mce-error-response\" style=\"display: none;\"><\/div>\n            <div class=\"response\" id=\"mce-success-response\" style=\"display: none;\"><\/div>\n        <\/div><div style=\"position: absolute; left: -5000px;\" aria-hidden=\"true\"><input type=\"text\" name=\"b_066ab16d10485c8a4233791f4_f06d806a19\" tabindex=\"-1\" value=\"\"><\/div><div class=\"clear\"><input type=\"submit\" name=\"subscribe\" id=\"mc-embedded-subscribe\" class=\"button\" value=\"\u0110\u1eb7t mua\"><\/div>\n    <\/div>\n<\/form>\n<\/div>\n<\/div>","protected":false},"excerpt":{"rendered":"<p>Use this form to sign up for e-news updates from 2BC \/ IPC and to access the 6 training modules. Soon as you have hit subscribe, please check your emails for the confirmation link. Once we have confirmed your email address, we will send you a link to the 6 2BC training modules! * indicates [&hellip;]<\/p>\n","protected":false},"author":1,"featured_media":385,"parent":0,"menu_order":0,"comment_status":"closed","ping_status":"closed","template":"","meta":{"_acf_changed":false,"_editorskit_title_hidden":false,"_editorskit_reading_time":0,"_editorskit_is_block_options_detached":false,"_editorskit_block_options_position":"{}","footnotes":""},"class_list":["post-519","page","type-page","status-publish","has-post-thumbnail","hentry"],"acf":[],"_links":{"self":[{"href":"https:\/\/www.2bc.world\/vi\/wp-json\/wp\/v2\/pages\/519","targetHints":{"allow":["GET"]}}],"collection":[{"href":"https:\/\/www.2bc.world\/vi\/wp-json\/wp\/v2\/pages"}],"about":[{"href":"https:\/\/www.2bc.world\/vi\/wp-json\/wp\/v2\/types\/page"}],"author":[{"embeddable":true,"href":"https:\/\/www.2bc.world\/vi\/wp-json\/wp\/v2\/users\/1"}],"replies":[{"embeddable":true,"href":"https:\/\/www.2bc.world\/vi\/wp-json\/wp\/v2\/comments?post=519"}],"version-history":[{"count":8,"href":"https:\/\/www.2bc.world\/vi\/wp-json\/wp\/v2\/pages\/519\/revisions"}],"predecessor-version":[{"id":528,"href":"https:\/\/www.2bc.world\/vi\/wp-json\/wp\/v2\/pages\/519\/revisions\/528"}],"wp:featuredmedia":[{"embeddable":true,"href":"https:\/\/www.2bc.world\/vi\/wp-json\/wp\/v2\/media\/385"}],"wp:attachment":[{"href":"https:\/\/www.2bc.world\/vi\/wp-json\/wp\/v2\/media?parent=519"}],"curies":[{"name":"wp","href":"https:\/\/api.w.org\/{rel}","templated":true}]}}